{"id":9,"date":"2025-08-28T13:02:05","date_gmt":"2025-08-28T13:02:05","guid":{"rendered":"https:\/\/777olimpqeydiyyat.com\/?page_id=9"},"modified":"2025-08-28T13:03:08","modified_gmt":"2025-08-28T13:03:08","slug":"home","status":"publish","type":"page","link":"https:\/\/777olimpqeydiyyat.com\/","title":{"rendered":"Home"},"content":{"rendered":"\n<h1 class=\"wp-block-heading\"><strong>Onlayn kazino oyunlari 777Olimp il\u0259 indi ba\u015flay\u0131n<\/strong><\/h1>\n\n\n\n<p>777OLIMP \u0259l\u00e7atan onlayn kazino t\u0259cr\u00fcb\u0259si t\u0259qdim edir. Yeni oyun\u00e7ular sad\u0259 qeydiyyat prosesind\u0259n faydalan\u0131r v\u0259 g\u00fccl\u0259ndirilmi\u015f t\u0259hl\u00fck\u0259sizlik \u00fc\u00e7\u00fcn tez bir zamanda t\u0259sdiql\u0259nir.&nbsp;<\/p>\n\n\n\n<p>H\u0259r hans\u0131 bir sor\u011fu il\u0259 ba\u011fl\u0131 k\u00f6m\u0259k etm\u0259k \u00fc\u00e7\u00fcn ixtisasl\u0131 d\u0259st\u0259k komandas\u0131 24\/7 m\u00f6vcuddur. 777OLIMP-in daha n\u0259l\u0259r t\u0259klif etdiyini k\u0259\u015ff edin v\u0259 oyun t\u0259cr\u00fcb\u0259nizi art\u0131r\u0131n.<\/p>\n\n\n\n<h2 class=\"wp-block-heading\"><strong>Ba\u015flamaq \u00fc\u00e7\u00fcn sad\u0259 add\u0131mlar<\/strong><\/h2>\n\n\n\n<p>Ba\u015flamaq \u00fc\u00e7\u00fcn yaln\u0131z bir ne\u00e7\u0259 sad\u0259 add\u0131m kifay\u0259tdir.<\/p>\n\n\n\n<p>\u018fvv\u0259lc\u0259 onlayn kazino azerbaycan platformam\u0131za daxil oluruq v\u0259 s\u00fcr\u0259tli qeydiyyat prosesini tamamlay\u0131r\u0131q. Burada bizd\u0259n yaln\u0131z e-mail v\u0259 ya istifad\u0259\u00e7i ad\u0131 t\u0259l\u0259b olunur, \u0259lav\u0259 s\u0259n\u0259d g\u00f6nd\u0259rm\u0259k m\u0259cburiyy\u0259timiz yoxdur.<\/p>\n\n\n\n<p>Hesab a\u00e7\u0131ld\u0131qdan sonra, balans\u0131 art\u0131rmaq \u00fc\u00e7\u00fcn M10 elektron pulqab\u0131s\u0131 v\u0259 ya bank kart\u0131ndan istifad\u0259 ed\u0259 bil\u0259rik. Minimum depozit c\u0259mi 5 manatd\u0131r, bu da kazino oyunlar\u0131 online oynama\u011fa ba\u015flamaq \u00fc\u00e7\u00fcn \u0259lveri\u015fli imkand\u0131r.<\/p>\n\n\n\n<p>Qazanclar\u0131m\u0131z\u0131 \u00e7\u0131xarmaq \u00fc\u00e7\u00fcn \u0259lav\u0259 yoxlama t\u0259l\u0259b olunmur, bu is\u0259 prosesi daha rahat v\u0259 t\u0259hl\u00fck\u0259siz edir.<\/p>\n\n\n\n<p>Sad\u0259, s\u00fcr\u0259tli v\u0259 \u015f\u0259ffaf add\u0131mlarla oyun d\u00fcnyas\u0131na asanl\u0131qla q\u0259d\u0259m qoyuruq.<\/p>\n\n\n\n<h2 class=\"wp-block-heading\"><strong>Oyun se\u00e7imi: f\u0259rqli kateqoriyalar v\u0259 imkanlar<\/strong><\/h2>\n\n\n\n<p>Oyun d\u00fcnyas\u0131 h\u0259mi\u015f\u0259 se\u00e7im azadl\u0131\u011f\u0131 il\u0259 maraql\u0131d\u0131r v\u0259 777OLIMP platformas\u0131nda da bu \u0259n\u0259n\u0259 qorunur.<\/p>\n\n\n\n<p>Biz burada m\u00fcxt\u0259lif onlayn kazino oyunlari il\u0259 qar\u015f\u0131la\u015f\u0131r\u0131q: slotlardan ba\u015flayaraq, crash oyunlar\u0131na q\u0259d\u0259r h\u0259r k\u0259s \u00f6z z\u00f6vq\u00fcn\u0259 uy\u011fun se\u00e7im ed\u0259 bilir.<\/p>\n\n\n\n<p>\u018fn populyar oyunlar aras\u0131nda Champion provayderinin t\u0259qdim etdiyi Sevens on Fire, Rich Fruits v\u0259 Hot Sevens yer al\u0131r.<\/p>\n\n\n\n<p>Yeni oyunlar da m\u00fct\u0259madi olaraq \u0259lav\u0259 olunur, buna g\u00f6r\u0259 he\u00e7 vaxt yenilikl\u0259rd\u0259n geri qalm\u0131r\u0131q.<\/p>\n\n\n\n<p>\u0130st\u0259r t\u0259cr\u00fcb\u0259li oyun\u00e7u, ist\u0259rs\u0259 d\u0259 yeni ba\u015flayan olma\u011f\u0131n\u0131z f\u0259rq etmir \u2013 demo rejimind\u0259 risksiz s\u0131namaq imkan\u0131m\u0131z var.<\/p>\n\n\n\n<p>Bel\u0259likl\u0259, h\u0259r zaman f\u0259rqli janrlarda, maraql\u0131 v\u0259 dinamik oyunlar tapmaq m\u00fcmk\u00fcnd\u00fcr.<\/p>\n\n\n\n<h2 class=\"wp-block-heading\"><strong>Real qazanclar \u00fc\u00e7\u00fcn d\u00fcr\u00fcst oyun prosesi<\/strong><\/h2>\n\n\n\n<p>Platformam\u0131zda m\u00fcxt\u0259lif oyunlar se\u00e7m\u0259k f\u00fcrs\u0259ti il\u0259 yana\u015f\u0131, h\u0259r bir oyun\u00e7unun \u0259n \u00e7ox \u00f6n\u0259m verdiyi m\u0259s\u0259l\u0259 \u2013 d\u00fcr\u00fcstl\u00fck v\u0259 real qazanclar da daim diqq\u0259t m\u0259rk\u0259zind\u0259dir.<\/p>\n\n\n\n<p>777OLIMP he\u00e7 vaxt \u00f6d\u0259ni\u015fl\u0259rl\u0259 ba\u011fl\u0131 gecikm\u0259l\u0259r\u0259 v\u0259 ya probleml\u0259r\u0259 yol vermir, \u00e7\u00fcnki h\u0259r bir udu\u015fun \u00f6d\u0259nilm\u0259sin\u0259 tam z\u0259man\u0259t veririk.<\/p>\n\n\n\n<p>Bizim \u00fc\u00e7\u00fcn t\u0259hl\u00fck\u0259sizlik v\u0259 oyunlar\u0131n \u015f\u0259ffafl\u0131\u011f\u0131 prioritetdir. R\u0259smi RTP g\u00f6st\u0259ricil\u0259ri il\u0259 i\u015fl\u0259y\u0259n provayderl\u0259rl\u0259 \u0259m\u0259kda\u015fl\u0131q edirik, bu da real udu\u015flar \u0259ld\u0259 etm\u0259k \u00fc\u00e7\u00fcn \u015f\u0259rait yarad\u0131r.<\/p>\n\n\n\n<p>H\u0259r spin v\u0259 ya m\u0259rcl\u0259 \u0259dal\u0259tli n\u0259tic\u0259l\u0259r\u0259 z\u0259man\u0259t verilir. Oyun\u00e7ular\u0131m\u0131z rahatl\u0131qla bilir ki, qazand\u0131qlar\u0131 m\u0259bl\u0259\u011fl\u0259r t\u0259hl\u00fck\u0259siz \u015f\u0259kild\u0259 v\u0259 problemsiz \u00f6d\u0259nil\u0259c\u0259k.<\/p>\n\n\n\n<p>D\u00fcr\u00fcst oyun prosesi v\u0259 real qazanclar \u00fc\u00e7\u00fcn biz\u0259 etibar ed\u0259 bil\u0259rsiniz.<\/p>\n\n\n\n<h2 class=\"wp-block-heading\"><strong>S\u00fcr\u0259tli \u00f6d\u0259ni\u015fl\u0259r v\u0259 balans idar\u0259etm\u0259si<\/strong><\/h2>\n\n\n\n<p>\u0130st\u0259nil\u0259n vaxt qazanc\u0131n\u0131z\u0131 tez v\u0259 rahat \u00e7\u0131xarmaq imkan\u0131n\u0131z olmas\u0131 oyun h\u0259zzini ikiqat art\u0131r\u0131r.<\/p>\n\n\n\n<p>777OLIMP-d\u0259 balans idar\u0259etm\u0259si olduqca sad\u0259dir \u2013 depozit v\u0259 \u00e7\u0131xar\u0131\u015flar c\u0259mi bir ne\u00e7\u0259 d\u0259qiq\u0259y\u0259 tamamlan\u0131r. Bizim \u00fc\u00e7\u00fcn \u0259sas prioritet s\u00fcr\u0259tli \u00f6d\u0259ni\u015f v\u0259 onlayn \u00f6d\u0259m\u0259 \u00fcsullar\u0131n\u0131n rahatl\u0131\u011f\u0131d\u0131r.<\/p>\n\n\n\n<p>Minimum depozit m\u0259bl\u0259\u011fi 5 manatd\u0131r, \u00e7\u0131xar\u0131\u015flar is\u0259 1000 manata kimi problemsiz m\u00fcmk\u00fcnd\u00fcr. Hesab\u0131n\u0131z\u0131 Visa, MasterCard v\u0259 M10 elektron pulqab\u0131 il\u0259 tez bir zamanda art\u0131ra v\u0259 qazanc\u0131n\u0131z\u0131 asanl\u0131qla geri ala bil\u0259rsiniz.<\/p>\n\n\n\n<p>\u018flav\u0259 yoxlama t\u0259l\u0259b etmirik, ona g\u00f6r\u0259 d\u0259 vaxt itirm\u0259d\u0259n b\u00fct\u00fcn diqq\u0259tinizi oyunlara y\u00f6n\u0259ld\u0259 bilirsiniz. Balans idar\u0259etm\u0259sinin bu q\u0259d\u0259r rahat olmas\u0131 oyun\u00e7ulara tam s\u0259rb\u0259stlik v\u0259 g\u00fcv\u0259n verir.<\/p>\n\n\n\n<h2 class=\"wp-block-heading\"><strong>H\u0259r cihaz \u00fc\u00e7\u00fcn \u0259l\u00e7atanl\u0131q v\u0259 mobil rahatl\u0131q<\/strong><\/h2>\n\n\n\n<p>Balans\u0131n\u0131z\u0131 asanl\u0131qla idar\u0259 etdikd\u0259n sonra rahatl\u0131\u011f\u0131n\u0131z \u00fc\u00e7\u00fcn h\u0259r cihazda problemsiz \u015f\u0259kild\u0259 oyun oynaya bilm\u0259k d\u0259 vacibdir.<\/p>\n\n\n\n<p>777OLIMP sayt\u0131m\u0131z tam mobil uy\u011fundur \u2013 komp\u00fcter, tablet v\u0259 ya smartfon f\u0259rq etm\u0259d\u0259n, ist\u0259diyiniz yerd\u0259 oynaya bil\u0259rsiniz.<\/p>\n\n\n\n<p>Bizim kazino onlayn platformam\u0131z rahat interfeys il\u0259 se\u00e7ilir, bel\u0259likl\u0259 h\u0259r bir istifad\u0259\u00e7i \u00fc\u00e7\u00fcn s\u00fcr\u0259tli adaptasiya m\u00fcmk\u00fcnd\u00fcr.<\/p>\n\n\n\n<p>He\u00e7 bir \u0259lav\u0259 proqram y\u00fckl\u0259m\u0259y\u0259 ehtiyac yoxdur, sad\u0259c\u0259 brauzerd\u0259n daxil olmaq kifay\u0259tdir.<\/p>\n\n\n\n<p>\u0130st\u0259nil\u0259n vaxt, ist\u0259nil\u0259n yerd\u0259 sevdiyiniz oyunlara rahatl\u0131qla qo\u015fula bil\u0259rsiniz:<\/p>\n\n\n\n<ul class=\"wp-block-list\">\n<li>Mobil v\u0259 masa\u00fcst\u00fc uy\u011funluq<\/li>\n\n\n\n<li>Sad\u0259 v\u0259 rahat interfeys<\/li>\n\n\n\n<li>Y\u00fcks\u0259k performansl\u0131 kazino onlayn t\u0259cr\u00fcb\u0259si<\/li>\n\n\n\n<li>Qrafik v\u0259 s\u00fcr\u0259t itkisiz oyunlar<\/li>\n\n\n\n<li>H\u0259r zaman, h\u0259r yerd\u0259 giri\u015f imkan\u0131<\/li>\n<\/ul>\n\n\n\n<p>777OLIMP il\u0259 \u0259sl rahatl\u0131\u011f\u0131 hiss ed\u0259k!<\/p>\n\n\n\n<h2 class=\"wp-block-heading\"><strong>D\u0259st\u0259k komandas\u0131 il\u0259 operativ \u0259laq\u0259<\/strong><\/h2>\n\n\n\n<p>Oyun zaman\u0131 sual\u0131n\u0131z v\u0259 ya \u00e7\u0259tinliyiniz yaranarsa, d\u0259rhal k\u00f6m\u0259k almaq \u00e7ox vacibdir. 777OLIMP-d\u0259 d\u0259st\u0259k komandam\u0131z 24\/7 rejimind\u0259 f\u0259aliyy\u0259t g\u00f6st\u0259rir v\u0259 ist\u0259nil\u0259n m\u0259s\u0259l\u0259nizi tez h\u0259ll etm\u0259y\u0259 haz\u0131rd\u0131r. Bizim \u00fc\u00e7\u00fcn istifad\u0259\u00e7i m\u0259mnuniyy\u0259ti t\u0259kc\u0259 s\u00f6z deyil, \u0259sas prioritetdir. D\u0259st\u0259k xidm\u0259ti vasit\u0259sil\u0259 ist\u0259nil\u0259n vaxt e-po\u00e7t, daxili \u00e7at, Instagram v\u0259 ya Telegram kanal\u0131 il\u0259 \u0259laq\u0259 saxlaya bil\u0259rsiniz. B\u0259z\u0259n oyun zaman\u0131 bir an bel\u0259 g\u00f6zl\u0259m\u0259k olmur v\u0259 biz operativ cavab veririk. H\u0259r hans\u0131 probleminiz olsa, t\u0259k qalmayacaqs\u0131n\u0131z \u2013 yan\u0131n\u0131zday\u0131q!<\/p>\n\n\n\n<figure class=\"wp-block-table\"><table class=\"has-fixed-layout\"><tbody><tr><td><strong>Xidm\u0259t<\/strong><\/td><td><strong>\u018flaq\u0259 N\u00f6vl\u0259ri<\/strong><\/td><td><strong>D\u0259st\u0259k Vaxt\u0131<\/strong><\/td><\/tr><tr><td>Daxili \u00c7at<\/td><td>Platformada<\/td><td>24\/7<\/td><\/tr><tr><td>E-po\u00e7t<\/td><td>Email<\/td><td>24\/7<\/td><\/tr><tr><td>Instagram<\/td><td>Sosial \u015f\u0259b\u0259k\u0259<\/td><td>24\/7<\/td><\/tr><tr><td>Telegram<\/td><td>Kanal<\/td><td>24\/7<\/td><\/tr><\/tbody><\/table><\/figure>\n\n\n\n<h2 class=\"wp-block-heading\"><strong>El\u0259 indi s\u0131na v\u0259 \u00f6z oyun t\u0259cr\u00fcb\u0259n\u0259 ba\u015fla<\/strong><\/h2>\n\n\n\n<p>H\u0259r zaman yan\u0131n\u0131zda olan d\u0259st\u0259k komandam\u0131zla g\u00fcv\u0259nd\u0259 oldu\u011funuzu bilirsiniz \u2013 indi is\u0259 \u0259n maraql\u0131 hiss\u0259y\u0259 ke\u00e7\u0259k!<\/p>\n\n\n\n<p>777OLIMP-d\u0259 qeydiyyat v\u0259 ya demo rejimd\u0259 bir ne\u00e7\u0259 klikl\u0259 sevimli slot oyunlar\u0131n\u0131 s\u0131naya bil\u0259rsiniz. \u0130ndi is\u0259 birlikd\u0259 kazino oynamaq t\u0259cr\u00fcb\u0259sin\u0259 ba\u015flayaq v\u0259 \u0259sl h\u0259y\u0259can\u0131 hiss ed\u0259k.<\/p>\n\n\n\n<p>Qeydiyyat prosesi \u00e7ox asand\u0131r \u2013 sad\u0259c\u0259 istifad\u0259\u00e7i ad\u0131 v\u0259 ya e-po\u00e7t \u00fcnvan\u0131 daxil etm\u0259yiniz kifay\u0259tdir. Platformada yeni v\u0259 m\u0259\u015fhur oyunlar\u0131 rahatl\u0131qla k\u0259\u015ff ed\u0259, ist\u0259diyiniz vaxt real pul v\u0259 ya demo rejimd\u0259 oynaya bil\u0259rsiniz.<\/p>\n\n\n\n<ul class=\"wp-block-list\">\n<li>Demo rejimd\u0259 risksiz s\u0131naq imkan\u0131<\/li>\n\n\n\n<li>Tez v\u0259 problemsiz qeydiyyat<\/li>\n\n\n\n<li>\u00c7ox\u00e7e\u015fidli slot oyunlar\u0131 se\u00e7imi<\/li>\n\n\n\n<li>Sad\u0259 v\u0259 s\u00fcr\u0259tli \u00f6d\u0259ni\u015fl\u0259r<\/li>\n\n\n\n<li>24\/7 operativ d\u0259st\u0259k<\/li>\n<\/ul>\n\n\n\n<p>G\u0259lin ba\u015flay\u0131b, \u00f6z \u015fans\u0131m\u0131z\u0131 s\u0131nayaq!<\/p>\n\n\n\n<h2 class=\"wp-block-heading\"><strong>Tez-tez veril\u0259n suallar (FAQ)<\/strong><\/h2>\n\n\n\n<h3 class=\"wp-block-heading\"><strong>Depozit v\u0259 \u00e7\u0131xar\u0131\u015f \u0259m\u0259liyyatlar\u0131nda hans\u0131 valyutadan istifad\u0259 olunur?<\/strong><\/h3>\n\n\n\n<p>Platformam\u0131zda depozit v\u0259 \u00e7\u0131xar\u0131\u015f \u0259m\u0259liyyatlar\u0131nda yaln\u0131z Az\u0259rbaycan manat\u0131 (AZN) istifad\u0259 olunur. Bu, h\u0259m rahatl\u0131q, h\u0259m d\u0259 s\u00fcr\u0259tli \u00f6d\u0259ni\u015f \u00fc\u00e7\u00fcn \u0259n uy\u011fun se\u00e7imdir.<\/p>\n\n\n\n<p>Depozit v\u0259 \u00e7\u0131xar\u0131\u015f prosesind\u0259 m\u00fcxt\u0259lif valyutalarla qar\u015f\u0131la\u015fmaq ehtiyac\u0131n\u0131z olmayacaq, bel\u0259likl\u0259, \u0259lav\u0259 \u00e7evirm\u0259 v\u0259 ya komissiya probleml\u0259ri il\u0259 \u00fczl\u0259\u015fmirsiniz. Bizim \u00fc\u00e7\u00fcn \u015f\u0259ffafl\u0131q v\u0259 sad\u0259lik \u00f6n\u0259mlidir.<\/p>\n\n\n\n<p>\u0130ndi siz\u0259 platformam\u0131zda valyuta m\u00f6vzusunu daha ayd\u0131n t\u0259s\u0259vv\u00fcr etm\u0259k \u00fc\u00e7\u00fcn \u0259sas m\u0259qamlar\u0131 t\u0259qdim edirik:<\/p>\n\n\n\n<ul class=\"wp-block-list\">\n<li>B\u00fct\u00fcn depozit v\u0259 \u00e7\u0131xar\u0131\u015f \u0259m\u0259liyyatlar\u0131 AZN il\u0259 h\u0259yata ke\u00e7irilir<\/li>\n\n\n\n<li>Valyuta \u00e7evirm\u0259sin\u0259 ehtiyac yoxdur<\/li>\n\n\n\n<li>Hesab balans\u0131 h\u0259mi\u015f\u0259 manatla g\u00f6st\u0259rilir<\/li>\n\n\n\n<li>\u00d6d\u0259ni\u015fl\u0259r v\u0259 m\u0259bl\u0259\u011fl\u0259r yaln\u0131z AZN-l\u0259 q\u0259bul edilir<\/li>\n\n\n\n<li>Yerli istifad\u0259\u00e7il\u0259r \u00fc\u00e7\u00fcn maksimum rahatl\u0131q t\u0259min olunur<\/li>\n<\/ul>\n\n\n\n<h3 class=\"wp-block-heading\"><strong>Platformada qeydiyyat \u00fc\u00e7\u00fcn hans\u0131 m\u0259lumatlar laz\u0131md\u0131r?<\/strong><\/h3>\n\n\n\n<p>B\u0259s qeydiyyatdan ke\u00e7m\u0259k \u00fc\u00e7\u00fcn hans\u0131 m\u0259lumatlar\u0131 t\u0259qdim etm\u0259liyik? 777OLIMP azerbaycan kazino platformas\u0131nda qeydiyyat olduqca sad\u0259dir v\u0259 vaxt\u0131m\u0131z\u0131 alm\u0131r. Biz \u0259sas\u0259n minimum m\u0259lumatla hesab a\u00e7a bilirik. E-mail \u00fcnvan\u0131 v\u0259 ya istifad\u0259\u00e7i ad\u0131 kifay\u0259t edir. He\u00e7 bir \u0259lav\u0259 s\u0259n\u0259d v\u0259 ya t\u0259sdiq t\u0259l\u0259b olunmur. A\u015fa\u011f\u0131dak\u0131 c\u0259dv\u0259ld\u0259 qeydiyyat \u00fc\u00e7\u00fcn laz\u0131mi \u0259sas m\u0259lumatlar\u0131 t\u0259qdim edirik:<\/p>\n\n\n\n<figure class=\"wp-block-table\"><table class=\"has-fixed-layout\"><tbody><tr><td><strong>T\u0259l\u0259b olunan m\u0259lumat<\/strong><\/td><td><strong>\u018ftrafl\u0131 a\u00e7\u0131qlama<\/strong><\/td><\/tr><tr><td>E-mail \u00fcnvan\u0131<\/td><td>Hesab t\u0259sdiqi v\u0259 giri\u015f<\/td><\/tr><tr><td>\u0130stifad\u0259\u00e7i ad\u0131<\/td><td>Unikal hesab ad\u0131 se\u00e7imi<\/td><\/tr><tr><td>\u015eifr\u0259<\/td><td>T\u0259hl\u00fck\u0259sizlik \u00fc\u00e7\u00fcn laz\u0131md\u0131r<\/td><\/tr><tr><td>Ya\u015f t\u0259sdiqi<\/td><td>18 ya\u015fdan yuxar\u0131 olmal\u0131y\u0131q<\/td><\/tr><\/tbody><\/table><\/figure>\n\n\n\n<p>Bel\u0259likl\u0259, azerbaycan kazino qeydiyyat prosesi asan v\u0259 rahatd\u0131r, ist\u0259nil\u0259n istifad\u0259\u00e7i tez bir zamanda ba\u015flaya bil\u0259r.<\/p>\n\n\n\n<h3 class=\"wp-block-heading\"><strong>Saytda qeydiyyats\u0131z oyunlar\u0131n demo versiyas\u0131n\u0131 oynamaq m\u00fcmk\u00fcnd\u00fcrm\u00fc?<\/strong><\/h3>\n\n\n\n<p>Qeydiyyat prosesi s\u00fcr\u0259tli v\u0259 rahat oldu\u011fu kimi, bir \u00e7ox istifad\u0259\u00e7i ilk \u00f6nc\u0259 oyunlarla risksiz tan\u0131\u015f olmaq ist\u0259yir.<\/p>\n\n\n\n<p>Yax\u015f\u0131 x\u0259b\u0259r budur ki, 777OLIMP platformas\u0131nda qeydiyyats\u0131z olaraq ist\u0259nil\u0259n oyunlar\u0131n demo versiyas\u0131 m\u00f6vcuddur.<\/p>\n\n\n\n<p>Bu imkan say\u0259sind\u0259 real pul s\u0259rf etm\u0259d\u0259n \u0259vv\u0259l sevdiyiniz oyunlar\u0131 test ed\u0259, qaydalarla tan\u0131\u015f ola v\u0259 strategiyan\u0131z\u0131 t\u0259kmill\u0259\u015fdir\u0259 bil\u0259rsiniz.<\/p>\n\n\n\n<p>G\u0259lin, demo rejiminin \u00fcst\u00fcnl\u00fckl\u0259rin\u0259 n\u0259z\u0259r salaq:<\/p>\n\n\n\n<ul class=\"wp-block-list\">\n<li>\u0130st\u0259nil\u0259n slot v\u0259 oyunlar\u0131 risksiz s\u0131naqdan ke\u00e7irm\u0259k<\/li>\n\n\n\n<li>Balans\u0131n\u0131z\u0131 itirm\u0259d\u0259n qaydalar\u0131 \u00f6yr\u0259nm\u0259k<\/li>\n\n\n\n<li>F\u0259rqli oyun mexanikalar\u0131n\u0131 yoxlamaq<\/li>\n\n\n\n<li>\u00d6z strategiyan\u0131z\u0131 qurmaq v\u0259 t\u0259kmill\u0259\u015fdirm\u0259k<\/li>\n\n\n\n<li>Se\u00e7diyiniz oyunlar\u0131n maraq d\u0259r\u0259c\u0259sini m\u00fc\u0259yy\u0259n etm\u0259k<\/li>\n<\/ul>\n\n\n\n<p>Demo versiyas\u0131 h\u0259m yeni ba\u015flayanlar, h\u0259m d\u0259 t\u0259cr\u00fcb\u0259li oyun\u00e7ular \u00fc\u00e7\u00fcn ideal se\u00e7imdir.<\/p>\n\n\n\n<h3 class=\"wp-block-heading\"><strong>Depozit v\u0259 udu\u015flar\u0131n \u00e7\u0131xar\u0131lmas\u0131 \u00fc\u00e7\u00fcn \u0259lav\u0259 yoxlama t\u0259l\u0259b olunurmu?<\/strong><\/h3>\n\n\n\n<p>\u018fks\u0259r oyun\u00e7ular\u0131n maraqland\u0131\u011f\u0131 suallardan biri d\u0259 budur: depozit yat\u0131rark\u0259n v\u0259 udu\u015f \u00e7\u0131xarark\u0259n \u0259lav\u0259 yoxlama t\u0259l\u0259b olunurmu?<\/p>\n\n\n\n<p>777OLIMP-da prosesi m\u00fcmk\u00fcn q\u0259d\u0259r sad\u0259 v\u0259 rahat etmi\u015fik. Hesab yaratd\u0131qdan sonra, depozit yat\u0131rmaq v\u0259 udu\u015flar\u0131n \u00e7\u0131xar\u0131lmas\u0131 \u00fc\u00e7\u00fcn \u0259lav\u0259 s\u0259n\u0259d v\u0259 ya m\u0259lumat g\u00f6nd\u0259rm\u0259y\u0259 ehtiyac yoxdur.<\/p>\n\n\n\n<p>Biz h\u0259r oyun\u00e7unun vaxt\u0131n\u0131 v\u0259 rahatl\u0131\u011f\u0131n\u0131 d\u00fc\u015f\u00fcn\u00fcr\u00fck, ona g\u00f6r\u0259 d\u0259 he\u00e7 bir \u0259lav\u0259 yoxlama t\u0259l\u0259b etmirik. Sad\u0259c\u0259 qeydiyyatdan ke\u00e7irsiniz, depozit edirsiniz v\u0259 ist\u0259diyiniz zaman udu\u015flar\u0131n \u00e7\u0131xar\u0131lmas\u0131 \u00fc\u00e7\u00fcn m\u00fcraci\u0259t edirsiniz.<\/p>\n\n\n\n<p>\u00d6d\u0259ni\u015fl\u0259r s\u00fcr\u0259tli v\u0259 \u015f\u0259ffaf \u015f\u0259kild\u0259 h\u0259yata ke\u00e7irilir. Bizim \u0259sas prioritetimiz oyun\u00e7ulara rahat v\u0259 etibarl\u0131 xidm\u0259t g\u00f6st\u0259rm\u0259kdir.<\/p>\n\n\n\n<p>\u018flav\u0259 yoxlama olmadan, qazanclar\u0131n\u0131z\u0131 tez v\u0259 asan \u015f\u0259kild\u0259 \u0259ld\u0259 ed\u0259 bil\u0259rsiniz.<\/p>\n","protected":false},"excerpt":{"rendered":"<p>Onlayn kazino oyunlari 777Olimp il\u0259 indi ba\u015flay\u0131n 777OLIMP \u0259l\u00e7atan onlayn kazino t\u0259cr\u00fcb\u0259si t\u0259qdim edir. Yeni oyun\u00e7ular sad\u0259 qeydiyyat prosesind\u0259n faydalan\u0131r [&hellip;]<\/p>\n","protected":false},"author":1,"featured_media":0,"parent":0,"menu_order":0,"comment_status":"closed","ping_status":"closed","template":"","meta":{"site-sidebar-layout":"default","site-content-layout":"","ast-site-content-layout":"default","site-content-style":"default","site-sidebar-style":"default","ast-global-header-display":"","ast-banner-title-visibility":"","ast-main-header-display":"","ast-hfb-above-header-display":"","ast-hfb-below-header-display":"","ast-hfb-mobile-header-display":"","site-post-title":"disabled","ast-breadcrumbs-content":"","ast-featured-img":"","footer-sml-layout":"","theme-transparent-header-meta":"","adv-header-id-meta":"","stick-header-meta":"","header-above-stick-meta":"","header-main-stick-meta":"","header-below-stick-meta":"","astra-migrate-meta-layouts":"default","ast-page-background-enabled":"default","ast-page-background-meta":{"desktop":{"background-color":"var(--ast-global-color-5)","background-image":"","background-repeat":"repeat","background-position":"center center","background-size":"auto","background-attachment":"scroll","background-type":"","background-media":"","overlay-type":"","overlay-color":"","overlay-opacity":"","overlay-gradient":""},"tablet":{"background-color":"","background-image":"","background-repeat":"repeat","background-position":"center center","background-size":"auto","background-attachment":"scroll","background-type":"","background-media":"","overlay-type":"","overlay-color":"","overlay-opacity":"","overlay-gradient":""},"mobile":{"background-color":"","background-image":"","background-repeat":"repeat","background-position":"center center","background-size":"auto","background-attachment":"scroll","background-type":"","background-media":"","overlay-type":"","overlay-color":"","overlay-opacity":"","overlay-gradient":""}},"ast-content-background-meta":{"desktop":{"background-color":"var(--ast-global-color-4)","background-image":"","background-repeat":"repeat","background-position":"center center","background-size":"auto","background-attachment":"scroll","background-type":"","background-media":"","overlay-type":"","overlay-color":"","overlay-opacity":"","overlay-gradient":""},"tablet":{"background-color":"var(--ast-global-color-4)","background-image":"","background-repeat":"repeat","background-position":"center center","background-size":"auto","background-attachment":"scroll","background-type":"","background-media":"","overlay-type":"","overlay-color":"","overlay-opacity":"","overlay-gradient":""},"mobile":{"background-color":"var(--ast-global-color-4)","background-image":"","background-repeat":"repeat","background-position":"center center","background-size":"auto","background-attachment":"scroll","background-type":"","background-media":"","overlay-type":"","overlay-color":"","overlay-opacity":"","overlay-gradient":""}},"footnotes":""},"class_list":["post-9","page","type-page","status-publish","hentry"],"_links":{"self":[{"href":"https:\/\/777olimpqeydiyyat.com\/index.php?rest_route=\/wp\/v2\/pages\/9","targetHints":{"allow":["GET"]}}],"collection":[{"href":"https:\/\/777olimpqeydiyyat.com\/index.php?rest_route=\/wp\/v2\/pages"}],"about":[{"href":"https:\/\/777olimpqeydiyyat.com\/index.php?rest_route=\/wp\/v2\/types\/page"}],"author":[{"embeddable":true,"href":"https:\/\/777olimpqeydiyyat.com\/index.php?rest_route=\/wp\/v2\/users\/1"}],"replies":[{"embeddable":true,"href":"https:\/\/777olimpqeydiyyat.com\/index.php?rest_route=%2Fwp%2Fv2%2Fcomments&post=9"}],"version-history":[{"count":1,"href":"https:\/\/777olimpqeydiyyat.com\/index.php?rest_route=\/wp\/v2\/pages\/9\/revisions"}],"predecessor-version":[{"id":10,"href":"https:\/\/777olimpqeydiyyat.com\/index.php?rest_route=\/wp\/v2\/pages\/9\/revisions\/10"}],"wp:attachment":[{"href":"https:\/\/777olimpqeydiyyat.com\/index.php?rest_route=%2Fwp%2Fv2%2Fmedia&parent=9"}],"curies":[{"name":"wp","href":"https:\/\/api.w.org\/{rel}","templated":true}]}}